{"id":607,"date":"2020-10-15T18:14:14","date_gmt":"2020-10-15T18:14:14","guid":{"rendered":"http:\/\/nowa.mediacjeksm.pl\/?page_id=607"},"modified":"2026-02-27T08:16:50","modified_gmt":"2026-02-27T08:16:50","slug":"elementor-607","status":"publish","type":"page","link":"https:\/\/www.mediacjeksm.pl\/?page_id=607","title":{"rendered":"Szkolenia"},"content":{"rendered":"\t\t<div data-elementor-type=\"wp-page\" data-elementor-id=\"607\" class=\"elementor elementor-607\" data-elementor-settings=\"[]\">\n\t\t\t\t\t\t<div class=\"elementor-inner\">\n\t\t\t\t\t\t\t<div class=\"elementor-section-wrap\">\n\t\t\t\t\t\t\t<section class=\"elementor-section elementor-top-section elementor-element elementor-element-69718e7 elementor-section-boxed elementor-section-height-default elementor-section-height-default\" data-id=\"69718e7\" data-element_type=\"section\">\n\t\t\t\t\t\t<div class=\"elementor-container elementor-column-gap-default\">\n\t\t\t\t\t\t\t<div class=\"elementor-row\">\n\t\t\t\t\t<div class=\"elementor-column elementor-col-100 elementor-top-column elementor-element elementor-element-7edabc7\" data-id=\"7edabc7\" data-element_type=\"column\">\n\t\t\t<div class=\"elementor-column-wrap elementor-element-populated\">\n\t\t\t\t\t\t\t<div class=\"elementor-widget-wrap\">\n\t\t\t\t\t\t<div class=\"elementor-element elementor-element-3eadb85 elementor-widget elementor-widget-text-editor\" data-id=\"3eadb85\" data-element_type=\"widget\" data-widget_type=\"text-editor.default\">\n\t\t\t\t<div class=\"elementor-widget-container\">\n\t\t\t\t\t<div class=\"elementor-text-editor elementor-clearfix\"><p>Krajowe Stowarzyszenie Mediator\u00f3w zajmuje si\u0119 kszta\u0142ceniem profesjonalnej kadry (w szczeg\u00f3lno\u015bci <strong>mediator\u00f3w i negocjator\u00f3w<\/strong>) poprzez organizowanie szkole\u0144, warsztat\u00f3w, kt\u00f3re ko\u0144cz\u0105 si\u0119 uzyskaniem certyfikatu mediatora.<\/p><p>Krajowe Stowarzyszenie Mediator\u00f3w\u00a0prowadzi r\u00f3wnie\u017c szkolenia dla pracownik\u00f3w o\u015bwiaty np.: \u00a0\u201eMediacje r\u00f3wie\u015bnicze\u201d,<\/p><p>Prowadzimy tak\u017ce szkolenia dla ju\u017c aktywnych mediator\u00f3w s\u0105dowych i pozas\u0105dowych.<\/p><p>Wszystkie szkolenia prowadzone s\u0105 metodami warsztatowymi, uczestnicy pracuj\u0105 na autentycznych przypadkach.\u00a0<\/p><p>Zg\u0142oszenia nale\u017cy wysy\u0142a\u0107 na adres:\u00a0<a href=\"mediacjeksmkontakt@gmail.com\">mediacjeksmkontakt@gmail.com<\/a>.\u00a0<\/p><p>Karta zg\u0142oszenia jest do pobrania tutaj:\u00a0<a href=\"http:\/\/www.mediacjeksm.pl\/wp-content\/uploads\/2020\/12\/karta_zg_oszenia_ksm_-_wzor.doc\">Karta zg\u0142oszenia<\/a>\u00a0<\/p><p>Pytania kierowa\u0107 do prezesa KSM Izabeli Zaj\u0105czkowskiej \u2013 tel. <strong>693 261 062<\/strong><\/p><\/div>\n\t\t\t\t<\/div>\n\t\t\t\t<\/div>\n\t\t\t\t\t\t<\/div>\n\t\t\t\t\t<\/div>\n\t\t<\/div>\n\t\t\t\t\t\t\t\t<\/div>\n\t\t\t\t\t<\/div>\n\t\t<\/section>\n\t\t\t\t<section class=\"elementor-section elementor-top-section elementor-element elementor-element-c5131d0 elementor-section-boxed elementor-section-height-default elementor-section-height-default\" data-id=\"c5131d0\" data-element_type=\"section\">\n\t\t\t\t\t\t<div class=\"elementor-container elementor-column-gap-default\">\n\t\t\t\t\t\t\t<div class=\"elementor-row\">\n\t\t\t\t\t<div class=\"elementor-column elementor-col-100 elementor-top-column elementor-element elementor-element-e943ee2\" data-id=\"e943ee2\" data-element_type=\"column\">\n\t\t\t<div class=\"elementor-column-wrap elementor-element-populated\">\n\t\t\t\t\t\t\t<div class=\"elementor-widget-wrap\">\n\t\t\t\t\t\t<div class=\"elementor-element elementor-element-36fe583 elementor-widget elementor-widget-text-editor\" data-id=\"36fe583\" data-element_type=\"widget\" data-widget_type=\"text-editor.default\">\n\t\t\t\t<div class=\"elementor-widget-container\">\n\t\t\t\t\t<div class=\"elementor-text-editor elementor-clearfix\"><p style=\"margin: 0cm; margin-bottom: .0001pt;\"><strong><span style=\"font-size: 20.0pt; font-family: 'Arial',sans-serif; color: #1f308e;\">Szkolenia certyfikowane &#8211; zostajesz po nich mediatorem<\/span><\/strong><\/p><\/div>\n\t\t\t\t<\/div>\n\t\t\t\t<\/div>\n\t\t\t\t\t\t<\/div>\n\t\t\t\t\t<\/div>\n\t\t<\/div>\n\t\t\t\t\t\t\t\t<\/div>\n\t\t\t\t\t<\/div>\n\t\t<\/section>\n\t\t\t\t<section class=\"elementor-section elementor-top-section elementor-element elementor-element-0e3369a elementor-section-boxed elementor-section-height-default elementor-section-height-default\" data-id=\"0e3369a\" data-element_type=\"section\">\n\t\t\t\t\t\t<div class=\"elementor-container elementor-column-gap-default\">\n\t\t\t\t\t\t\t<div class=\"elementor-row\">\n\t\t\t\t\t<div class=\"elementor-column elementor-col-100 elementor-top-column elementor-element elementor-element-8444f17\" data-id=\"8444f17\" data-element_type=\"column\">\n\t\t\t<div class=\"elementor-column-wrap elementor-element-populated\">\n\t\t\t\t\t\t\t<div class=\"elementor-widget-wrap\">\n\t\t\t\t\t\t<div class=\"elementor-element elementor-element-16ee9f3 elementor-widget elementor-widget-text-editor\" data-id=\"16ee9f3\" data-element_type=\"widget\" data-widget_type=\"text-editor.default\">\n\t\t\t\t<div class=\"elementor-widget-container\">\n\t\t\t\t\t<div class=\"elementor-text-editor elementor-clearfix\"><p>Szkolenia certyfikowane adresujemy do pracownik\u00f3w instytucji i organizacji oraz zainteresowanych os\u00f3b zajmuj\u0105cych si\u0119 pomoc\u0105 w rozwi\u0105zywaniu konflikt\u00f3w, w szczeg\u00f3lno\u015bci psycholog\u00f3w, prawnik\u00f3w, pedagog\u00f3w i socjolog\u00f3w.<br \/><br \/>Zaj\u0119cia s\u0105 prowadzone w ma\u0142ych grupach, w formie warsztatowej, przy wykorzystaniu\u00a0 \u0107wicze\u0144, gier interakcyjnych, dyskusji. Prowadz\u0105 je do\u015bwiadczeni trenerzy \u2013 mediator\u00f3w. Uczestnicy pracuj\u0105 na rzeczywistych przypadkach i kazusach.<\/p><p>Kurs \u201eSzko\u0142a Mediacji KSM\u201d wraz z warsztatami \u201eKonstruowanie Ug\u00f3d \u2013\u00a0 stanowi\u0105 podstaw\u0119 do wykonywania zawodu mediatora s\u0105dowego i pozas\u0105dowego.<\/p><p><strong>Podstawa prawna<\/strong><\/p><p>Program szkolenia \u201eSzko\u0142a Mediacji KSM\u201d zgodny jest ze standardami szkolenia mediator\u00f3w wyznaczonymi przez Ministra Sprawiedliwo\u015bci, zawartymi w za\u0142\u0105czniku do Rozporz\u0105dzenia Ministra Sprawiedliwo\u015bci z 18 maja 2001r. (Dz.U. 2001 Nr 56 poz. 591) oraz ze standardami szkolenia mediator\u00f3w Spo\u0142ecznej Rady ds. Alternatywnych Metod Rozwi\u0105zywania Konflikt\u00f3w i Spor\u00f3w przy Ministrze Sprawiedliwo\u015bci z 29 pa\u017adziernika 2007r.<\/p><\/div>\n\t\t\t\t<\/div>\n\t\t\t\t<\/div>\n\t\t\t\t<div class=\"elementor-element elementor-element-75e7b77 elementor-widget elementor-widget-text-editor\" data-id=\"75e7b77\" data-element_type=\"widget\" data-widget_type=\"text-editor.default\">\n\t\t\t\t<div class=\"elementor-widget-container\">\n\t\t\t\t\t<div class=\"elementor-text-editor elementor-clearfix\"><table><tbody><tr><td width=\"121\"><p>Tytu\u0142 szkolenia<\/p><\/td><td width=\"143\"><p>Termin<\/p><\/td><td width=\"98\"><p>Miejsce<\/p><\/td><td width=\"121\"><p>Koszt<\/p><\/td><td width=\"121\"><p>Uwagi\/ liczba miejsc<\/p><\/td><\/tr><tr><td width=\"121\"><p>Szko\u0142a Mediacji KSM<\/p><\/td><td width=\"143\"><p>Sierpie\u0144 2026r.<\/p><\/td><td width=\"98\"><p>Pozna\u0144<\/p><\/td><td width=\"121\"><p>2000 z\u0142<\/p><\/td><td width=\"121\"><p>\u00a0Tylko\u00a0 6 os\u00f3b<\/p><\/td><\/tr><tr><td width=\"121\"><p>Szko\u0142a Mediacji KSM<\/p><\/td><td width=\"143\"><p>Pa\u017adziernik 2026r.<\/p><\/td><td width=\"98\"><p>Pozna\u0144<\/p><\/td><td width=\"121\"><p>2000 z\u0142<\/p><\/td><td width=\"121\"><p>Tylko\u00a0 6 os\u00f3b<\/p><\/td><\/tr><tr><td width=\"121\"><p>Konstruowanie Ug\u00f3d<\/p><\/td><td width=\"143\">Sierpie\u0144 2026r.<\/td><td width=\"98\"><p>Pozna\u0144<\/p><\/td><td width=\"121\"><p>900 z\u0142<\/p><\/td><td width=\"121\"><p>Tylko\u00a0 7 os\u00f3b<\/p><\/td><\/tr><tr><td width=\"121\"><p>Konstruowanie Ug\u00f3d<\/p><\/td><td width=\"143\">Pa\u017adziernik 2026r.<\/td><td width=\"98\"><p>Pozna\u0144<\/p><\/td><td width=\"121\"><p>900 z\u0142<\/p><\/td><td width=\"121\"><p>Tylko\u00a0\u00a0 7 os\u00f3b<\/p><\/td><\/tr><\/tbody><\/table><\/div>\n\t\t\t\t<\/div>\n\t\t\t\t<\/div>\n\t\t\t\t\t\t<\/div>\n\t\t\t\t\t<\/div>\n\t\t<\/div>\n\t\t\t\t\t\t\t\t<\/div>\n\t\t\t\t\t<\/div>\n\t\t<\/section>\n\t\t\t\t<section class=\"elementor-section elementor-top-section elementor-element elementor-element-c19aeea elementor-section-full_width elementor-section-stretched elementor-section-height-default elementor-section-height-default\" data-id=\"c19aeea\" data-element_type=\"section\" data-settings=\"{&quot;stretch_section&quot;:&quot;section-stretched&quot;}\">\n\t\t\t\t\t\t<div class=\"elementor-container elementor-column-gap-default\">\n\t\t\t\t\t\t\t<div class=\"elementor-row\">\n\t\t\t\t\t<div class=\"elementor-column elementor-col-100 elementor-top-column elementor-element elementor-element-370f09c\" data-id=\"370f09c\" data-element_type=\"column\">\n\t\t\t<div class=\"elementor-column-wrap elementor-element-populated\">\n\t\t\t\t\t\t\t<div class=\"elementor-widget-wrap\">\n\t\t\t\t\t\t<div class=\"elementor-element elementor-element-78882f1 elementor-widget-divider--separator-type-pattern elementor-widget-divider--view-line elementor-widget elementor-widget-divider\" data-id=\"78882f1\" data-element_type=\"widget\" data-widget_type=\"divider.default\">\n\t\t\t\t<div class=\"elementor-widget-container\">\n\t\t\t\t\t<div class=\"elementor-divider\" style=\"--divider-pattern-url: url(&quot;data:image\/svg+xml,%3Csvg xmlns=&#039;http:\/\/www.w3.org\/2000\/svg&#039; preserveAspectRatio=&#039;none&#039; overflow=&#039;visible&#039; height=&#039;100%&#039; viewBox=&#039;0 0 24 24&#039; fill=&#039;none&#039; stroke=&#039;black&#039; stroke-width=&#039;1&#039; stroke-linecap=&#039;square&#039; stroke-miterlimit=&#039;10&#039;%3E%3Cpath d=&#039;M0,6c6,0,0.9,11.1,6.9,11.1S18,6,24,6&#039;\/%3E%3C\/svg%3E&quot;);\">\n\t\t\t<span class=\"elementor-divider-separator\">\n\t\t\t\t\t\t<\/span>\n\t\t<\/div>\n\t\t\t\t<\/div>\n\t\t\t\t<\/div>\n\t\t\t\t\t\t<\/div>\n\t\t\t\t\t<\/div>\n\t\t<\/div>\n\t\t\t\t\t\t\t\t<\/div>\n\t\t\t\t\t<\/div>\n\t\t<\/section>\n\t\t\t\t<section class=\"elementor-section elementor-top-section elementor-element elementor-element-673de45 elementor-section-boxed elementor-section-height-default elementor-section-height-default\" data-id=\"673de45\" data-element_type=\"section\">\n\t\t\t\t\t\t<div class=\"elementor-container elementor-column-gap-default\">\n\t\t\t\t\t\t\t<div class=\"elementor-row\">\n\t\t\t\t\t<div class=\"elementor-column elementor-col-100 elementor-top-column elementor-element elementor-element-e73c8df\" data-id=\"e73c8df\" data-element_type=\"column\">\n\t\t\t<div class=\"elementor-column-wrap elementor-element-populated\">\n\t\t\t\t\t\t\t<div class=\"elementor-widget-wrap\">\n\t\t\t\t\t\t<div class=\"elementor-element elementor-element-a9b27c8 elementor-widget elementor-widget-heading\" data-id=\"a9b27c8\" data-element_type=\"widget\" data-widget_type=\"heading.default\">\n\t\t\t\t<div class=\"elementor-widget-container\">\n\t\t\t<h2 class=\"elementor-heading-title elementor-size-default\"><p style=\"margin: 0cm; margin-bottom: .0001pt;\"><strong><span style=\"font-size: 20.0pt; font-family: 'Arial',sans-serif; color: #1f308e;\">Mediacje r\u00f3wie\u015bnicze i szkolne<\/span><\/strong><\/p><\/h2>\t\t<\/div>\n\t\t\t\t<\/div>\n\t\t\t\t<div class=\"elementor-element elementor-element-a3ad324 elementor-widget elementor-widget-text-editor\" data-id=\"a3ad324\" data-element_type=\"widget\" data-widget_type=\"text-editor.default\">\n\t\t\t\t<div class=\"elementor-widget-container\">\n\t\t\t\t\t<div class=\"elementor-text-editor elementor-clearfix\"><p>Szkolenia dla rad pedagogicznych, nauczycieli, wychowawc\u00f3w, pedagog\u00f3w szkolnych, opiekun\u00f3w SU<\/p><\/div>\n\t\t\t\t<\/div>\n\t\t\t\t<\/div>\n\t\t\t\t<div class=\"elementor-element elementor-element-0478968 elementor-widget elementor-widget-text-editor\" data-id=\"0478968\" data-element_type=\"widget\" data-widget_type=\"text-editor.default\">\n\t\t\t\t<div class=\"elementor-widget-container\">\n\t\t\t\t\t<div class=\"elementor-text-editor elementor-clearfix\"><table><tbody><tr><td width=\"121\"><p>Mediacje r\u00f3wie\u015bnicze i mediacje szkolne &#8211; szkolenie rad pedagogicznych\u00a0<\/p><\/td><td width=\"143\">termin i miejsce do uzgodnienia z zainteresowan\u0105 szko\u0142\u0105<\/td><td width=\"98\"><p>8 h<\/p><\/td><td width=\"121\"><p>250 z\u0142\/ os<\/p><\/td><td width=\"121\"><p>20-24 os\u00f3b<\/p><\/td><\/tr><tr><td width=\"121\"><p>Mediacje r\u00f3wie\u015bnicze &#8211; szkolenie dla opiekun\u00f3w Samorz\u0105d\u00f3w Uczniowskich <br \/>i wychowawc\u00f3w klas<\/p><\/td><td width=\"143\"><p>termin i miejsce do uzgodnienia z zainteresowan\u0105 szko\u0142\u0105<\/p><\/td><td width=\"98\"><p>10 h<\/p><\/td><td width=\"121\"><p>250 z\u0142\/ os<\/p><\/td><td width=\"121\">20 os\u00f3b<\/td><\/tr><tr><td width=\"121\"><p>\u201eMediacja, jedno z zada\u0144 szko\u0142y &#8211; szkolenie dla pedagog\u00f3w <br \/>i psycholog\u00f3w\u00a0 szkolnych\u00a0<\/p><\/td><td width=\"143\"><p>Pa\u017adziernik 2026 &#8211; Pozna\u0144,<\/p><p>termin nadsy\u0142ania zg\u0142osze\u0144 do 30 sierpnia 2026r.<\/p><\/td><td width=\"98\">10 h<\/td><td width=\"121\">400 z\u0142\/os<\/td><td width=\"121\">12 os\u00f3b w grupie<\/td><\/tr><tr><td width=\"121\">\u00a0<\/td><td width=\"143\">\u00a0<\/td><td width=\"98\">\u00a0<\/td><td width=\"121\">\u00a0<\/td><td width=\"121\">\u00a0<\/td><\/tr><\/tbody><\/table><p>\u00a0&#8211;\u00a0<\/p><\/div>\n\t\t\t\t<\/div>\n\t\t\t\t<\/div>\n\t\t\t\t\t\t<\/div>\n\t\t\t\t\t<\/div>\n\t\t<\/div>\n\t\t\t\t\t\t\t\t<\/div>\n\t\t\t\t\t<\/div>\n\t\t<\/section>\n\t\t\t\t<section class=\"elementor-section elementor-top-section elementor-element elementor-element-16b91ca elementor-section-stretched elementor-section-full_width elementor-section-height-default elementor-section-height-default\" data-id=\"16b91ca\" data-element_type=\"section\" data-settings=\"{&quot;stretch_section&quot;:&quot;section-stretched&quot;}\">\n\t\t\t\t\t\t<div class=\"elementor-container elementor-column-gap-default\">\n\t\t\t\t\t\t\t<div class=\"elementor-row\">\n\t\t\t\t\t<div class=\"elementor-column elementor-col-100 elementor-top-column elementor-element elementor-element-8c9a167\" data-id=\"8c9a167\" data-element_type=\"column\">\n\t\t\t<div class=\"elementor-column-wrap elementor-element-populated\">\n\t\t\t\t\t\t\t<div class=\"elementor-widget-wrap\">\n\t\t\t\t\t\t<div class=\"elementor-element elementor-element-003f1f3 elementor-widget-divider--separator-type-pattern elementor-widget-divider--view-line elementor-widget elementor-widget-divider\" data-id=\"003f1f3\" data-element_type=\"widget\" data-widget_type=\"divider.default\">\n\t\t\t\t<div class=\"elementor-widget-container\">\n\t\t\t\t\t<div class=\"elementor-divider\" style=\"--divider-pattern-url: url(&quot;data:image\/svg+xml,%3Csvg xmlns=&#039;http:\/\/www.w3.org\/2000\/svg&#039; preserveAspectRatio=&#039;none&#039; overflow=&#039;visible&#039; height=&#039;100%&#039; viewBox=&#039;0 0 24 24&#039; fill=&#039;none&#039; stroke=&#039;black&#039; stroke-width=&#039;1&#039; stroke-linecap=&#039;square&#039; stroke-miterlimit=&#039;10&#039;%3E%3Cpath d=&#039;M0,6c6,0,0.9,11.1,6.9,11.1S18,6,24,6&#039;\/%3E%3C\/svg%3E&quot;);\">\n\t\t\t<span class=\"elementor-divider-separator\">\n\t\t\t\t\t\t<\/span>\n\t\t<\/div>\n\t\t\t\t<\/div>\n\t\t\t\t<\/div>\n\t\t\t\t\t\t<\/div>\n\t\t\t\t\t<\/div>\n\t\t<\/div>\n\t\t\t\t\t\t\t\t<\/div>\n\t\t\t\t\t<\/div>\n\t\t<\/section>\n\t\t\t\t<section class=\"elementor-section elementor-top-section elementor-element elementor-element-239f135 elementor-section-boxed elementor-section-height-default elementor-section-height-default\" data-id=\"239f135\" data-element_type=\"section\">\n\t\t\t\t\t\t<div class=\"elementor-container elementor-column-gap-default\">\n\t\t\t\t\t\t\t<div class=\"elementor-row\">\n\t\t\t\t\t<div class=\"elementor-column elementor-col-100 elementor-top-column elementor-element elementor-element-d6b317e\" data-id=\"d6b317e\" data-element_type=\"column\">\n\t\t\t<div class=\"elementor-column-wrap elementor-element-populated\">\n\t\t\t\t\t\t\t<div class=\"elementor-widget-wrap\">\n\t\t\t\t\t\t<div class=\"elementor-element elementor-element-7e6bfda elementor-widget elementor-widget-heading\" data-id=\"7e6bfda\" data-element_type=\"widget\" data-widget_type=\"heading.default\">\n\t\t\t\t<div class=\"elementor-widget-container\">\n\t\t\t<h2 class=\"elementor-heading-title elementor-size-default\"><p style=\"margin: 0cm; margin-bottom: .0001pt;\"><strong><span style=\"font-size: 20.0pt; font-family: 'Arial',sans-serif; color: #1f308e;\">Szkolenia  doskonal\u0105ce dla mediator\u00f3w<\/span><\/strong><\/p><\/h2>\t\t<\/div>\n\t\t\t\t<\/div>\n\t\t\t\t<div class=\"elementor-element elementor-element-71ff0f0 elementor-widget elementor-widget-text-editor\" data-id=\"71ff0f0\" data-element_type=\"widget\" data-widget_type=\"text-editor.default\">\n\t\t\t\t<div class=\"elementor-widget-container\">\n\t\t\t\t\t<div class=\"elementor-text-editor elementor-clearfix\"><table><tbody><tr><td width=\"121\"><p>Tytu\u0142 szkolenia<\/p><\/td><td width=\"143\"><p>Termin<\/p><\/td><td width=\"98\"><p>Miejsce<\/p><\/td><td width=\"121\"><p>Koszt<\/p><\/td><td width=\"121\"><p>Uwagi\/ liczba miejsc<\/p><\/td><\/tr><tr><td width=\"121\"><p>\u201eMediacje online\u201d<\/p><\/td><td width=\"143\">\u00a0<\/td><td width=\"98\"><p>Online<\/p><\/td><td width=\"121\"><p>60 z\u0142<\/p><\/td><td width=\"121\"><p>Bez ogranicze\u0144<\/p><\/td><\/tr><tr><td width=\"121\"><p>\u201eMediacje online\u201d<\/p><\/td><td width=\"143\">\u00a0<\/td><td width=\"98\"><p>Online<\/p><\/td><td width=\"121\"><p>60 z\u0142<\/p><\/td><td width=\"121\"><p>Bez ogranicze\u0144<\/p><\/td><\/tr><tr><td width=\"121\"><p>Wykorzystanie dialogu motywuj\u0105cego w pracy mediatora<\/p><\/td><td width=\"143\"><p>wrzesie\u0144 2026r.<\/p><p>termin nadsy\u0142ania zg\u0142osze\u0144 do ko\u0144ca sierpnia<\/p><\/td><td width=\"98\"><p>Pozna\u0144<\/p><\/td><td width=\"121\"><p>600 z\u0142<\/p><\/td><td width=\"121\"><p>\u00a06 os\u00f3b<\/p><\/td><\/tr><tr><td width=\"121\"><p>Mediacje rodzinne i ich specyfika<\/p><\/td><td width=\"143\">8h\/ pa\u017adziernik<\/td><td width=\"98\"><p>Pozna\u0144<\/p><\/td><td width=\"121\">800 z\u0142<\/td><td width=\"121\">9 os\u00f3b<\/td><\/tr><tr><td width=\"121\"><p>Mediacje gospodarcze<\/p><\/td><td width=\"143\">8h\/listopad<\/td><td width=\"98\">\u00a0Pozna\u0144<\/td><td width=\"121\">1000 z\u0142<\/td><td width=\"121\">9 os\u00f3b<\/td><\/tr><tr><td width=\"121\"><p>Czy na pewno \u201etrudny klient\u201d- interwencje mediacyjne<\/p><\/td><td width=\"143\">8h\/listopad<\/td><td width=\"98\">\u00a0Pozna\u0144<\/td><td width=\"121\">900 z\u0142<\/td><td width=\"121\">9 os\u00f3b<\/td><\/tr><tr><td width=\"121\"><p>Modele mediacji, <br \/>a praca mediatora<\/p><\/td><td width=\"143\">6h\/listopad<\/td><td width=\"98\">Pozna\u0144\u00a0<\/td><td width=\"121\">600 z\u0142<\/td><td width=\"121\">9 os\u00f3b<\/td><\/tr><\/tbody><\/table><\/div>\n\t\t\t\t<\/div>\n\t\t\t\t<\/div>\n\t\t\t\t\t\t<\/div>\n\t\t\t\t\t<\/div>\n\t\t<\/div>\n\t\t\t\t\t\t\t\t<\/div>\n\t\t\t\t\t<\/div>\n\t\t<\/section>\n\t\t\t\t\t\t<\/div>\n\t\t\t\t\t\t<\/div>\n\t\t\t\t\t<\/div>\n\t\t","protected":false},"excerpt":{"rendered":"<p>Krajowe Stowarzyszenie Mediator\u00f3w zajmuje si\u0119 kszta\u0142ceniem profesjonalnej kadry (w szczeg\u00f3lno\u015bci mediator\u00f3w i negocjator\u00f3w) poprzez organizowanie szkole\u0144, warsztat\u00f3w, kt\u00f3re ko\u0144cz\u0105 si\u0119 uzyskaniem certyfikatu mediatora. Krajowe Stowarzyszenie Mediator\u00f3w\u00a0prowadzi r\u00f3wnie\u017c szkolenia dla pracownik\u00f3w o\u015bwiaty np.: \u00a0\u201eMediacje r\u00f3wie\u015bnicze\u201d, Prowadzimy tak\u017ce szkolenia dla ju\u017c aktywnych mediator\u00f3w s\u0105dowych i pozas\u0105dowych. Wszystkie szkolenia prowadzone s\u0105 metodami warsztatowymi, uczestnicy pracuj\u0105 na autentycznych przypadkach.\u00a0 [&hellip;]<\/p>\n","protected":false},"author":1,"featured_media":0,"parent":0,"menu_order":0,"comment_status":"closed","ping_status":"closed","template":"elementor_header_footer","meta":[],"_links":{"self":[{"href":"https:\/\/www.mediacjeksm.pl\/index.php?rest_route=\/wp\/v2\/pages\/607"}],"collection":[{"href":"https:\/\/www.mediacjeksm.pl\/index.php?rest_route=\/wp\/v2\/pages"}],"about":[{"href":"https:\/\/www.mediacjeksm.pl\/index.php?rest_route=\/wp\/v2\/types\/page"}],"author":[{"embeddable":true,"href":"https:\/\/www.mediacjeksm.pl\/index.php?rest_route=\/wp\/v2\/users\/1"}],"replies":[{"embeddable":true,"href":"https:\/\/www.mediacjeksm.pl\/index.php?rest_route=%2Fwp%2Fv2%2Fcomments&post=607"}],"version-history":[{"count":33,"href":"https:\/\/www.mediacjeksm.pl\/index.php?rest_route=\/wp\/v2\/pages\/607\/revisions"}],"predecessor-version":[{"id":792,"href":"https:\/\/www.mediacjeksm.pl\/index.php?rest_route=\/wp\/v2\/pages\/607\/revisions\/792"}],"wp:attachment":[{"href":"https:\/\/www.mediacjeksm.pl\/index.php?rest_route=%2Fwp%2Fv2%2Fmedia&parent=607"}],"curies":[{"name":"wp","href":"https:\/\/api.w.org\/{rel}","templated":true}]}}